{"id":30,"date":"2020-03-27T15:07:30","date_gmt":"2020-03-27T14:07:30","guid":{"rendered":"https:\/\/www.lasguias.com\/blog\/?page_id=30"},"modified":"2020-04-17T14:39:52","modified_gmt":"2020-04-17T13:39:52","slug":"escritor-contenidos-web","status":"publish","type":"page","link":"https:\/\/www.lasguias.com\/blog\/escritor-contenidos-web\/","title":{"rendered":"Escritor de contenidos web para empresas"},"content":{"rendered":"\n<h2 class=\"wp-block-heading\">Incluir post de mi negocio en este blog empresarial<\/h2>\n\n\n\n<p><strong>GrupoLasGuias<\/strong> cuenta con varios <em>sistemas para generar enlaces dofollow hacia p\u00e1ginas web de empresas<\/em> cuyo objetivo es que \u00e9stas se posicionen mejor en los resultados de Google. <br>En este blog publicamos post o art\u00edculos que hablan sobre una actividad empresarial, noticia, servicios, productos o empresas, tambi\u00e9n conocido como <em>redactor o escritor de contenidos web<\/em>.<\/p>\n\n\n\n<div class=\"wp-block-image\"><figure class=\"aligncenter size-large\"><img loading=\"lazy\" decoding=\"async\" width=\"631\" height=\"259\" src=\"https:\/\/www.lasguias.com\/blog\/wp-content\/uploads\/2020\/03\/contenido-blog.jpg\" alt=\"Escritor de contenidos, post para empresas\" class=\"wp-image-45\" srcset=\"https:\/\/www.lasguias.com\/blog\/wp-content\/uploads\/2020\/03\/contenido-blog.jpg 631w, https:\/\/www.lasguias.com\/blog\/wp-content\/uploads\/2020\/03\/contenido-blog-300x123.jpg 300w\" sizes=\"auto, (max-width: 631px) 100vw, 631px\" \/><\/figure><\/div>\n\n\n\n<p>Tanto si usted es el gerente de un negocio, que desee que hablemos sobre su empresa, producto o servicio, como un webmaster SEO que desea incluir uno o varios posts de sus clientes, puede contactar con nosotros para conocer las tarifas.<\/p>\n\n\n\n<p style=\"text-align:center\"><a href=\"javascript:return false;\" onclick=\"javascript:window.open('https:\/\/www.lasguias.com\/contactar_lasguias.php', '_blank', 'toolbar=no,menubar=no,directories=no,status=no,resizable=no,location=no,scrollbars=no,height=450,width=450,left=200,top=50');\"><img decoding=\"async\" src=\"https:\/\/www.lasguias.com\/blog\/wp-content\/uploads\/2020\/03\/chat-18.png\" style=\"width:22%;\" alt=\"Contactar\" title=\"Contactar por email\"><br>CONTACTAR<\/a><\/p>\n\n\n\n<p>Los precios de publicaci\u00f3n pueden variar en funci\u00f3n de si el post o art\u00edculo lo tenemos que redactar nosotros, o bien, nos lo proporcionan, etc.<\/p>\n\n\n\n<h2 class=\"wp-block-heading\">\u00bfC\u00f3mo son los posts que publicamos?<\/h2>\n\n\n\n<p>Los art\u00edculos publicados en el blog deben tener un m\u00ednimo de 600 palabras cuyo contenido de texto sea de calidad, sin faltas ortogr\u00e1ficas y coherente con el mensaje que se desea transmitir. Se pueden incluir fotos, v\u00eddeos,&#8230; as\u00ed como uno o varios enlaces hacia la web de destino.<br>La tem\u00e1tica del mismo debe estar relacionada con el mundo empresarial y negocios, tal y como explicamos al inicio de esta p\u00e1gina. El post ser\u00e1 publicado dentro de la categor\u00eda empresarial relacionada. Puede ver algunos art\u00edculos que ya hemos publicado navegando por nuestro blog.<\/p>\n\n\n\n<h2 class=\"wp-block-heading\">\u00bfPuedo conseguir otros enlaces?<\/h2>\n\n\n\n<p>De forma independiente a la publicaci\u00f3n en este blog, tambi\u00e9n generamos enlaces desde nuestra red de <a href=\"https:\/\/www.grupolasguias.com\/\" class=\"rank-math-link\" target=\"_blank\" rel=\"noopener\">directorios con enlaces dofollow<\/a>. Puede dar de alta la web de su empresa pulsando en el anterior enlace.<\/p>\n","protected":false},"excerpt":{"rendered":"<p>Incluir post de mi negocio en este blog empresarial GrupoLasGuias cuenta con varios sistemas para generar enlaces dofollow hacia p\u00e1ginas web de empresas cuyo objetivo es que \u00e9stas se posicionen mejor en los resultados de Google. En este blog publicamos post o art\u00edculos que hablan sobre una actividad empresarial, noticia, servicios, productos o empresas, tambi\u00e9n &#8230; <a title=\"Escritor de contenidos web para empresas\" class=\"read-more\" href=\"https:\/\/www.lasguias.com\/blog\/escritor-contenidos-web\/\">Leer m\u00e1s <span class=\"screen-reader-text\">Escritor de contenidos web para empresas<\/span><\/a><\/p>\n","protected":false},"author":1,"featured_media":0,"parent":0,"menu_order":0,"comment_status":"closed","ping_status":"closed","template":"","meta":{"footnotes":""},"class_list":["post-30","page","type-page","status-publish"],"_links":{"self":[{"href":"https:\/\/www.lasguias.com\/blog\/wp-json\/wp\/v2\/pages\/30","targetHints":{"allow":["GET"]}}],"collection":[{"href":"https:\/\/www.lasguias.com\/blog\/wp-json\/wp\/v2\/pages"}],"about":[{"href":"https:\/\/www.lasguias.com\/blog\/wp-json\/wp\/v2\/types\/page"}],"author":[{"embeddable":true,"href":"https:\/\/www.lasguias.com\/blog\/wp-json\/wp\/v2\/users\/1"}],"replies":[{"embeddable":true,"href":"https:\/\/www.lasguias.com\/blog\/wp-json\/wp\/v2\/comments?post=30"}],"version-history":[{"count":22,"href":"https:\/\/www.lasguias.com\/blog\/wp-json\/wp\/v2\/pages\/30\/revisions"}],"predecessor-version":[{"id":139,"href":"https:\/\/www.lasguias.com\/blog\/wp-json\/wp\/v2\/pages\/30\/revisions\/139"}],"wp:attachment":[{"href":"https:\/\/www.lasguias.com\/blog\/wp-json\/wp\/v2\/media?parent=30"}],"curies":[{"name":"wp","href":"https:\/\/api.w.org\/{rel}","templated":true}]}}